{"id":703,"date":"2020-05-15T12:57:07","date_gmt":"2020-05-15T11:57:07","guid":{"rendered":"https:\/\/www.betonglaettung-walser.com\/wordpress\/?page_id=703"},"modified":"2022-03-30T09:09:34","modified_gmt":"2022-03-30T08:09:34","slug":"coming-soon","status":"publish","type":"page","link":"https:\/\/www.betonglaettung-walser.com\/wordpress\/","title":{"rendered":"Coming-Soon"},"content":{"rendered":"\t\t<div data-elementor-type=\"wp-post\" data-elementor-id=\"703\" class=\"elementor elementor-703\">\n\t\t\t\t\t\t<section class=\"elementor-section elementor-top-section elementor-element elementor-element-e58853d elementor-section-boxed elementor-section-height-default elementor-section-height-default\" data-id=\"e58853d\" data-element_type=\"section\">\n\t\t\t\t\t\t<div class=\"elementor-container elementor-column-gap-default\">\n\t\t\t\t\t<div class=\"aux-parallax-section elementor-column elementor-col-100 elementor-top-column elementor-element elementor-element-a0e06d0\" data-id=\"a0e06d0\" data-element_type=\"column\">\n\t\t\t<div class=\"elementor-widget-wrap elementor-element-populated\">\n\t\t\t\t\t\t<div class=\"elementor-element elementor-element-6860945 elementor-widget elementor-widget-spacer\" data-id=\"6860945\" data-element_type=\"widget\" data-widget_type=\"spacer.default\">\n\t\t\t\t<div class=\"elementor-widget-container\">\n\t\t\t\t\t\t\t<div class=\"elementor-spacer\">\n\t\t\t<div class=\"elementor-spacer-inner\"><\/div>\n\t\t<\/div>\n\t\t\t\t\t\t<\/div>\n\t\t\t\t<\/div>\n\t\t\t\t\t<\/div>\n\t\t<\/div>\n\t\t\t\t\t<\/div>\n\t\t<\/section>\n\t\t\t\t<section class=\"elementor-section elementor-top-section elementor-element elementor-element-d1587d1 elementor-section-boxed elementor-section-height-default elementor-section-height-default\" data-id=\"d1587d1\" data-element_type=\"section\">\n\t\t\t\t\t\t<div class=\"elementor-container elementor-column-gap-default\">\n\t\t\t\t\t<div class=\"aux-parallax-section elementor-column elementor-col-66 elementor-top-column elementor-element elementor-element-a268c10\" data-id=\"a268c10\" data-element_type=\"column\">\n\t\t\t<div class=\"elementor-widget-wrap elementor-element-populated\">\n\t\t\t\t\t\t<div class=\"elementor-element elementor-element-4616b3cd aux-appear-watch-animation aux-fade-in-up elementor-widget elementor-widget-aux_modern_heading\" data-id=\"4616b3cd\" data-element_type=\"widget\" data-widget_type=\"aux_modern_heading.default\">\n\t\t\t\t<div class=\"elementor-widget-container\">\n\t\t\t\t\t<section class=\"aux-widget-modern-heading\">\n            <div class=\"aux-widget-inner\"><h2 class=\"aux-modern-heading-primary\">\n<\/h2><h3 class=\"aux-modern-heading-secondary\"><span class=\"aux-head-before\">Herzlich Willkommen bei Ihrem Bodenspezialist <br> Walser Bodensysteme GmbH<\/span><\/h3><div class=\"aux-modern-heading-divider\"><\/div><div class=\"aux-modern-heading-description\"><p>Branchenspezifische Komplettl\u00f6sungen f\u00fcr dauerhafte Boden- &amp; Wandsysteme.<\/p><p>Wir sind Ihr Partner f\u00fcr die Planung, Konzeption und Implementierung moderner Bodenbelagsysteme. Individuelle Bodenbel\u00e4ge f\u00fcr Industrie, Handel, Gewerbe, B\u00fcro, Wohn- und Sonderfl\u00e4chen.<\/p><p>Unser junges und belastbares Team \u00fcberzeugt durch: Erfahrung, Qualit\u00e4tsarbeit, Flexibilit\u00e4t, Mobilit\u00e4t, angemessene Preise.<\/p><\/div><\/div>\n        <\/section>\t\t\t\t<\/div>\n\t\t\t\t<\/div>\n\t\t\t\t\t<\/div>\n\t\t<\/div>\n\t\t\t\t<div class=\"aux-parallax-section elementor-column elementor-col-33 elementor-top-column elementor-element elementor-element-85160be\" data-id=\"85160be\" data-element_type=\"column\">\n\t\t\t<div class=\"elementor-widget-wrap elementor-element-populated\">\n\t\t\t\t\t\t<div class=\"elementor-element elementor-element-156d2c70 elementor-widget elementor-widget-text-editor\" data-id=\"156d2c70\" data-element_type=\"widget\" data-widget_type=\"text-editor.default\">\n\t\t\t\t<div class=\"elementor-widget-container\">\n\t\t\t\t\t\t\t\t\t<div><div class=\"page-header\"><div><div class=\"page-header\"><strong><span class=\"contact-name\">Walser Bodensysteme GmbH<\/span><\/strong><\/div><div>\u00a0<\/div><div class=\"page-header\">Englitz 1<\/div><div class=\"page-header\">88147 Achberg<\/div><\/div><div>\u00a0<\/div><div><span class=\"contact-mobile\">m. <\/span><\/div><div><span class=\"contact-mobile\">+49 (0) 170 296 08 23<\/span><\/div><div><span class=\"contact-fax\">f.<\/span><\/div><div><span class=\"contact-fax\"> +49 (0) 8380 98 14 881<\/span><\/div><p><span class=\"margin\"><br \/><\/span>mail@walser-bodensysteme.com<br \/><span class=\"margin\"><br \/><\/span><\/p><div><span class=\"contact-mobile\">Montag &#8211; Freitag<\/span><\/div><div><span class=\"contact-mobile\">08:00-17:00<\/span><span class=\"margin\"><br \/><\/span><\/div><\/div><\/div>\t\t\t\t\t\t\t\t<\/div>\n\t\t\t\t<\/div>\n\t\t\t\t\t<\/div>\n\t\t<\/div>\n\t\t\t\t\t<\/div>\n\t\t<\/section>\n\t\t\t\t<\/div>\n\t\t","protected":false},"excerpt":{"rendered":"<p>Herzlich Willkommen bei Ihrem Bodenspezialist Walser Bodensysteme GmbH Branchenspezifische Komplettl\u00f6sungen f\u00fcr dauerhafte Boden- &amp; Wandsysteme. Wir sind Ihr Partner f\u00fcr die Planung, Konzeption und Implementierung moderner Bodenbelagsysteme. Individuelle Bodenbel\u00e4ge f\u00fcr Industrie, Handel, Gewerbe, B\u00fcro, Wohn- und Sonderfl\u00e4chen. Unser junges und belastbares Team \u00fcberzeugt durch: Erfahrung, Qualit\u00e4tsarbeit, Flexibilit\u00e4t, Mobilit\u00e4t, angemessene Preise. Walser Bodensysteme GmbH\u00a0Englitz 188147 Achberg\u00a0m. [&hellip;]<\/p>\n","protected":false},"author":2,"featured_media":0,"parent":0,"menu_order":0,"comment_status":"closed","ping_status":"closed","template":"","meta":{"footnotes":""},"class_list":["post-703","page","type-page","status-publish","hentry"],"_links":{"self":[{"href":"https:\/\/www.betonglaettung-walser.com\/wordpress\/index.php\/wp-json\/wp\/v2\/pages\/703","targetHints":{"allow":["GET"]}}],"collection":[{"href":"https:\/\/www.betonglaettung-walser.com\/wordpress\/index.php\/wp-json\/wp\/v2\/pages"}],"about":[{"href":"https:\/\/www.betonglaettung-walser.com\/wordpress\/index.php\/wp-json\/wp\/v2\/types\/page"}],"author":[{"embeddable":true,"href":"https:\/\/www.betonglaettung-walser.com\/wordpress\/index.php\/wp-json\/wp\/v2\/users\/2"}],"replies":[{"embeddable":true,"href":"https:\/\/www.betonglaettung-walser.com\/wordpress\/index.php\/wp-json\/wp\/v2\/comments?post=703"}],"version-history":[{"count":12,"href":"https:\/\/www.betonglaettung-walser.com\/wordpress\/index.php\/wp-json\/wp\/v2\/pages\/703\/revisions"}],"predecessor-version":[{"id":739,"href":"https:\/\/www.betonglaettung-walser.com\/wordpress\/index.php\/wp-json\/wp\/v2\/pages\/703\/revisions\/739"}],"wp:attachment":[{"href":"https:\/\/www.betonglaettung-walser.com\/wordpress\/index.php\/wp-json\/wp\/v2\/media?parent=703"}],"curies":[{"name":"wp","href":"https:\/\/api.w.org\/{rel}","templated":true}]}}